{"id":3831,"date":"2026-02-08T03:20:49","date_gmt":"2026-02-08T00:20:49","guid":{"rendered":"http:\/\/mertagro.com\/?page_id=3831"},"modified":"2026-02-08T03:20:49","modified_gmt":"2026-02-08T00:20:49","slug":"herus","status":"publish","type":"page","link":"https:\/\/mertagro.com\/?page_id=3831","title":{"rendered":"HERUS"},"content":{"rendered":"<p>[vc_row][vc_column][vc_column_text]An\u0131z i\u015fleme, tohum yata\u011f\u0131 haz\u0131rl\u0131\u011f\u0131 ba\u015fta olmak \u00fczere toprak i\u015flemede etkin ve geni\u015f kullan\u0131myelpazesi vard\u0131r.Kompak ve kombine tasar\u0131m\u0131yla \u00fcr\u00fcn maliyetlerini d\u00fc\u015f\u00fcr\u00fcr. Toprak \u015fartlar\u0131na g\u00f6re 18 km\/h h\u0131zlara kadar kullan\u0131ld\u0131\u011f\u0131nda istenilen toprak i\u015fleme kalitesi yakalan\u0131r. \u0130\u015f kapasitesinin y\u00fcksekli\u011fi d\u00fc\u015f\u00fck yak\u0131t ve d\u00fc\u015f\u00fck maliyeti getirir.<\/p>\n\n<p>Standart \u00e7entikli 560 mm \u00e7ap\u0131nda her biri m\u00fcstakil yataklanm\u0131\u015f diskler, kau\u00e7uk rulo ile \u015faseye ba\u011flanm\u0131\u015ft\u0131r. Topra\u011f\u0131n ve bitki<br \/>\nart\u0131klar\u0131n\u0131n par\u00e7alanarak topra\u011fa kar\u0131\u015ft\u0131r\u0131lmas\u0131 ve bu yap\u0131 sayesinde etkin ve y\u00fcksek performansta yap\u0131labilir.<\/p>\n\n<p>Son y\u0131llarda \u00f6nem kazanan minimum toprak i\u015fleme uygulamalar\u0131 i\u00e7in ideal bir makinedir.<\/p>\n\n<p>Topra\u011f\u0131 devirmeden bitki art\u0131klar\u0131n\u0131 iyi bir \u015fekilde par\u00e7alayarak kar\u0131\u015ft\u0131rma ve daha h\u0131zl\u0131 bir \u015fekilde bitkiye elveri\u015fli hale getirme,<br \/>\ndolay\u0131s\u0131yla topra\u011f\u0131n biyolojik dengesini yeniden kazand\u0131rma bu makine ile m\u00fcmk\u00fcnd\u00fcr. Bu farklar\u0131 bir sonraki \u00fcretim sezonunda<br \/>\ng\u00f6rebilirsiniz.<\/p>\n\n\n<figure class=\"wp-block-gallery has-nested-images columns-default is-cropped wp-block-gallery-1 is-layout-flex wp-block-gallery-is-layout-flex\"><\/p>\n<figure class=\"wp-block-image size-large is-resized is-style-rounded\"><img loading=\"lazy\" decoding=\"async\" width=\"567\" height=\"388\" data-id=\"3832\" src=\"http:\/\/mertagro.com\/wp-content\/uploads\/2026\/02\/image.png\" alt=\"\" class=\"wp-image-3832\" style=\"width:443px;height:auto\" srcset=\"https:\/\/mertagro.com\/wp-content\/uploads\/2026\/02\/image.png 567w, https:\/\/mertagro.com\/wp-content\/uploads\/2026\/02\/image-300x205.png 300w\" sizes=\"auto, (max-width: 567px) 100vw, 567px\" \/><\/figure>\n<p><\/figure>\n\n\n<p class=\"has-vivid-red-color has-text-color has-link-color has-small-font-size wp-elements-f057728de39a37582b7660dfd3ddcd55\">BAKIM GEREKT\u0130RMEYEN<br \/>\nD\u0130SK YATAKLARI SAYES\u0130NDE<br \/>\nYA\u011eLAMA DERD\u0130NE SON !<\/p>\n\n\n<p class=\"has-small-font-size\">Ya\u011flama gerektirmeyen disk yataklar\u0131 genel bak\u0131m s\u00fcresini<br \/>\n\u00f6nemli \u00f6l\u00e7\u00fcde azalt\u0131r. En zorlu toprak yap\u0131s\u0131nda g\u00fcvenilir<br \/>\n\u00e7\u00f6z\u00fcm sunar.<br \/>\nSa\u011flam tasar\u0131m\u0131 sayesinde b\u00fct\u00fcn modellerimizde kullan\u0131l\u0131r.<\/p>\n\n\n<ul class=\"wp-block-list\"><\/p>\n<li class=\"has-small-font-size\">\u00d6m\u00fcr boyu s\u0131f\u0131r bak\u0131m<\/li>\n\n\n<li class=\"has-small-font-size\">G\u00fc\u00e7l\u00fc yap\u0131s\u0131ndan dolay\u0131 g\u00fcvenilirlik<\/li>\n\n\n<li class=\"has-small-font-size\">Rakiplerine g\u00f6re farkl\u0131<\/li>\n<p><\/ul>\n\n\n<figure class=\"wp-block-image size-full is-resized\"><img loading=\"lazy\" decoding=\"async\" width=\"591\" height=\"354\" src=\"http:\/\/mertagro.com\/wp-content\/uploads\/2026\/02\/HERUS-TEKNIK-OLCULER.png\" alt=\"\" class=\"wp-image-3835\" style=\"aspect-ratio:1.6695210770249393;width:677px;height:auto\" srcset=\"https:\/\/mertagro.com\/wp-content\/uploads\/2026\/02\/HERUS-TEKNIK-OLCULER.png 591w, https:\/\/mertagro.com\/wp-content\/uploads\/2026\/02\/HERUS-TEKNIK-OLCULER-300x180.png 300w\" sizes=\"auto, (max-width: 591px) 100vw, 591px\" \/><\/figure>\n\n\n<p>[\/vc_column_text][vc_gallery type=&#8221;flexslider_slide&#8221; interval=&#8221;3&#8243; images=&#8221;3719,3718,3717&#8243;][\/vc_column][\/vc_row]<\/p>\n","protected":false},"excerpt":{"rendered":"<p>[vc_row][vc_column][vc_column_text]An\u0131z i\u015fleme, tohum yata\u011f\u0131 haz\u0131rl\u0131\u011f\u0131 ba\u015fta olmak \u00fczere toprak i\u015flemede etkin ve geni\u015f kullan\u0131myelpazesi vard\u0131r.Kompak ve kombine tasar\u0131m\u0131yla \u00fcr\u00fcn maliyetlerini&#8230;<\/p>\n","protected":false},"author":3,"featured_media":0,"parent":0,"menu_order":0,"comment_status":"closed","ping_status":"closed","template":"","meta":{"om_disable_all_campaigns":false,"_monsterinsights_skip_tracking":false,"_monsterinsights_sitenote_active":false,"_monsterinsights_sitenote_note":"","_monsterinsights_sitenote_category":0,"footnotes":""},"class_list":["post-3831","page","type-page","status-publish","hentry"],"aioseo_notices":[],"_links":{"self":[{"href":"https:\/\/mertagro.com\/index.php?rest_route=\/wp\/v2\/pages\/3831","targetHints":{"allow":["GET"]}}],"collection":[{"href":"https:\/\/mertagro.com\/index.php?rest_route=\/wp\/v2\/pages"}],"about":[{"href":"https:\/\/mertagro.com\/index.php?rest_route=\/wp\/v2\/types\/page"}],"author":[{"embeddable":true,"href":"https:\/\/mertagro.com\/index.php?rest_route=\/wp\/v2\/users\/3"}],"replies":[{"embeddable":true,"href":"https:\/\/mertagro.com\/index.php?rest_route=%2Fwp%2Fv2%2Fcomments&post=3831"}],"version-history":[{"count":3,"href":"https:\/\/mertagro.com\/index.php?rest_route=\/wp\/v2\/pages\/3831\/revisions"}],"predecessor-version":[{"id":3838,"href":"https:\/\/mertagro.com\/index.php?rest_route=\/wp\/v2\/pages\/3831\/revisions\/3838"}],"wp:attachment":[{"href":"https:\/\/mertagro.com\/index.php?rest_route=%2Fwp%2Fv2%2Fmedia&parent=3831"}],"curies":[{"name":"wp","href":"https:\/\/api.w.org\/{rel}","templated":true}]}}