{"id":1944,"date":"2017-11-03T05:49:35","date_gmt":"2017-11-03T02:49:35","guid":{"rendered":"http:\/\/192.168.0.100\/grassy\/?page_id=1944"},"modified":"2026-02-07T00:19:45","modified_gmt":"2026-02-06T21:19:45","slug":"hakkimizda","status":"publish","type":"page","link":"https:\/\/mertagro.com\/?page_id=1944","title":{"rendered":"Hakk\u0131m\u0131zda"},"content":{"rendered":"<p>[vc_row full_width=&#8221;stretch_row&#8221; css=&#8221;.vc_custom_1515065251475{padding-top: 65px !important;padding-bottom: 65px !important;background-color: #f9f9f9 !important;}&#8221; el_id=&#8221;rs-about&#8221; el_class=&#8221;rs-about&#8221;][vc_column width=&#8221;5\/12&#8243;][vc_single_image image=&#8221;3813&#8243; img_size=&#8221;full&#8221;][\/vc_column][vc_column width=&#8221;7\/12&#8243; css=&#8221;.vc_custom_1510139637609{padding-left: 30px !important;}&#8221;]\r\n        <div class=\"sec-title  \">         \r\n            <h4 style=\"color:\">Hakk\u0131m\u0131zda<\/h4>             \r\n            <h3 style=\"color:\">1989'dan G\u00fcn\u00fcm\u00fcze<\/h3>        \r\n        <\/div>[vc_column_text css=&#8221;.vc_custom_1690537948300{padding-top: 35px !important;}&#8221;]Ana Prensip, M\u00fc\u015fterilerimize verdi\u011fimiz s\u00f6zd\u00fcr.<br \/>\nMakinelerimizin ve hizmetlerimizin m\u00fckemmel \u00e7al\u0131\u015fma sonu\u00e7lar\u0131 ile m\u00fc\u015fterimiz olarak daha ba\u015far\u0131l\u0131 olaca\u011f\u0131n\u0131za eminiz.<br \/>\nHedefimiz, \u00e7al\u0131\u015fman\u0131z\u0131 kolayla\u015ft\u0131rmak ve s\u00fcrd\u00fcrelebilir bir i\u015fletme imkan\u0131 sunmakt\u0131r.<\/p>\n<p>Geleneksel aile \u015firketi olarak uluslararas\u0131 alanda pek \u00e7ok tecr\u00fcbemiz bulunmaktad\u0131r.<br \/>\nB\u00f6ylece farkl\u0131 ya\u015fam ve \u00e7al\u0131\u015fma ko\u015fullar\u0131 \u00e7e\u015fitlili\u011fine en iyi \u015fekilde ula\u015fabilmek i\u00e7in \u00e7ok geni\u015f yenilik\u00e7i \u00fcr\u00fcn yelpazesi sunuyoruz.<br \/>\n\u00dcr\u00fcn yelpazesi, m\u00fc\u015fterilerimizin ihtiya\u00e7lar\u0131 do\u011frultusunda, inovasyon \u00fcr\u00fcnleri \u00e7ok \u00e7e\u015fitlidir.<\/p>\n<p>\u201cEn iyi toprak\u201d i\u00e7in verim arzumuz ile, toprak i\u015fleme ve ekim teknolojisi i\u00e7in ak\u0131ll\u0131 sistemler ve makineler geli\u015ftirdik.<br \/>\nEkonomik ba\u015far\u0131 \u201cen iyi kalite\u201d ile s\u0131k\u0131 s\u0131k\u0131ya ba\u011flant\u0131l\u0131d\u0131r.<\/p>\n<p>Mert toprak, ekim ve s\u00fcrd\u00fcr\u00fclebilirlik alan program\u0131 ile ihtiya\u00e7lar\u0131n\u0131z\u0131 da m\u00fckemmel bir \u015fekilde kar\u015f\u0131l\u0131yoruz.[\/vc_column_text][\/vc_column][\/vc_row]<\/p>\n","protected":false},"excerpt":{"rendered":"<p>[vc_row full_width=&#8221;stretch_row&#8221; css=&#8221;.vc_custom_1515065251475{padding-top: 65px !important;padding-bottom: 65px !important;background-color: #f9f9f9 !important;}&#8221; el_id=&#8221;rs-about&#8221; el_class=&#8221;rs-about&#8221;][vc_column width=&#8221;5\/12&#8243;][vc_single_image image=&#8221;3813&#8243; img_size=&#8221;full&#8221;][\/vc_column][vc_column width=&#8221;7\/12&#8243; css=&#8221;.vc_custom_1510139637609{padding-left: 30px !important;}&#8221;][vc_column_text css=&#8221;.vc_custom_1690537948300{padding-top: 35px&#8230;<\/p>\n","protected":false},"author":1,"featured_media":0,"parent":0,"menu_order":0,"comment_status":"closed","ping_status":"closed","template":"","meta":{"om_disable_all_campaigns":false,"_monsterinsights_skip_tracking":false,"_monsterinsights_sitenote_active":false,"_monsterinsights_sitenote_note":"","_monsterinsights_sitenote_category":0,"footnotes":""},"class_list":["post-1944","page","type-page","status-publish","hentry"],"aioseo_notices":[],"_links":{"self":[{"href":"https:\/\/mertagro.com\/index.php?rest_route=\/wp\/v2\/pages\/1944","targetHints":{"allow":["GET"]}}],"collection":[{"href":"https:\/\/mertagro.com\/index.php?rest_route=\/wp\/v2\/pages"}],"about":[{"href":"https:\/\/mertagro.com\/index.php?rest_route=\/wp\/v2\/types\/page"}],"author":[{"embeddable":true,"href":"https:\/\/mertagro.com\/index.php?rest_route=\/wp\/v2\/users\/1"}],"replies":[{"embeddable":true,"href":"https:\/\/mertagro.com\/index.php?rest_route=%2Fwp%2Fv2%2Fcomments&post=1944"}],"version-history":[{"count":8,"href":"https:\/\/mertagro.com\/index.php?rest_route=\/wp\/v2\/pages\/1944\/revisions"}],"predecessor-version":[{"id":3816,"href":"https:\/\/mertagro.com\/index.php?rest_route=\/wp\/v2\/pages\/1944\/revisions\/3816"}],"wp:attachment":[{"href":"https:\/\/mertagro.com\/index.php?rest_route=%2Fwp%2Fv2%2Fmedia&parent=1944"}],"curies":[{"name":"wp","href":"https:\/\/api.w.org\/{rel}","templated":true}]}}